{"id":96,"date":"2017-07-03T09:18:11","date_gmt":"2017-07-03T07:18:11","guid":{"rendered":"https:\/\/jordidenadal.com\/?page_id=96\/"},"modified":"2023-06-13T11:32:02","modified_gmt":"2023-06-13T09:32:02","slug":"sobre-mi","status":"publish","type":"page","link":"https:\/\/jordidenadal.com\/es\/sobre-mi\/","title":{"rendered":"Sobre m\u00ed"},"content":{"rendered":"\n<p>Soy asesor para coleccionistas de arte y p\u00e9rito tasador en arte y antig\u00fcedades. Mi trabajo es ayudar a construir, desarrollar, valorar y gestionar las colecciones de mis clientes, con una dedicaci\u00f3n especial a la pintura y escultura catalana y espa\u00f1ola de alta \u00e9poca.<\/p>\n\n\n\n<p class=\"h4\">Formaci\u00f3n, especializaci\u00f3n, contactos internacionales, resultados, discreci\u00f3n y eficacia al servicio de mis clientes.<\/p>\n","protected":false},"excerpt":{"rendered":"<p>Soy asesor para coleccionistas de arte y p\u00e9rito tasador en arte y antig\u00fcedades. Mi trabajo es ayudar a construir, desarrollar, valorar y gestionar las colecciones de mis clientes, con una dedicaci\u00f3n especial a la pintura y escultura catalana y espa\u00f1ola de alta \u00e9poca. Formaci\u00f3n, especializaci\u00f3n, contactos internacionales, resultados, discreci\u00f3n y eficacia al servicio de mis [&hellip;]<\/p>\n","protected":false},"author":2,"featured_media":85,"parent":0,"menu_order":0,"comment_status":"closed","ping_status":"closed","template":"about-me-page.php","meta":{"_acf_changed":false,"footnotes":""},"acf":[],"yoast_head":"<!-- This site is optimized with the Yoast SEO plugin v24.5 - https:\/\/yoast.com\/wordpress\/plugins\/seo\/ -->\n<title>Sobre m\u00ed - Jordi de Nadal | Fine Arts<\/title>\n<meta name=\"description\" content=\"Soy asesor para coleccionistas de arte y perito tasador en arte y antig\u00fcedades. Ayudo a valorar y gestionar las colecciones de mis clientes.\" \/>\n<meta name=\"robots\" content=\"index, follow, max-snippet:-1, max-image-preview:large, max-video-preview:-1\" \/>\n<link rel=\"canonical\" href=\"https:\/\/jordidenadal.com\/es\/sobre-mi\/\" \/>\n<meta property=\"og:locale\" content=\"es_ES\" \/>\n<meta property=\"og:type\" content=\"article\" \/>\n<meta property=\"og:title\" content=\"Sobre m\u00ed - Jordi de Nadal | Fine Arts\" \/>\n<meta property=\"og:description\" content=\"Soy asesor para coleccionistas de arte y perito tasador en arte y antig\u00fcedades. Ayudo a valorar y gestionar las colecciones de mis clientes.\" \/>\n<meta property=\"og:url\" content=\"https:\/\/jordidenadal.com\/es\/sobre-mi\/\" \/>\n<meta property=\"og:site_name\" content=\"Jordi de Nadal | Fine Arts\" \/>\n<meta property=\"article:modified_time\" content=\"2023-06-13T09:32:02+00:00\" \/>\n<meta property=\"og:image\" content=\"https:\/\/jordidenadal.com\/wp-content\/uploads\/2017\/07\/Jordidenadal.jpg\" \/>\n\t<meta property=\"og:image:width\" content=\"956\" \/>\n\t<meta property=\"og:image:height\" content=\"453\" \/>\n\t<meta property=\"og:image:type\" content=\"image\/jpeg\" \/>\n<meta name=\"twitter:card\" content=\"summary_large_image\" \/>\n<meta name=\"twitter:label1\" content=\"Tiempo de lectura\" \/>\n\t<meta name=\"twitter:data1\" content=\"1 minuto\" \/>\n<script type=\"application\/ld+json\" class=\"yoast-schema-graph\">{\"@context\":\"https:\/\/schema.org\",\"@graph\":[{\"@type\":\"WebPage\",\"@id\":\"https:\/\/jordidenadal.com\/es\/sobre-mi\/\",\"url\":\"https:\/\/jordidenadal.com\/es\/sobre-mi\/\",\"name\":\"Sobre m\u00ed - Jordi de Nadal | Fine Arts\",\"isPartOf\":{\"@id\":\"https:\/\/jordidenadal.com\/es\/#website\"},\"primaryImageOfPage\":{\"@id\":\"https:\/\/jordidenadal.com\/es\/sobre-mi\/#primaryimage\"},\"image\":{\"@id\":\"https:\/\/jordidenadal.com\/es\/sobre-mi\/#primaryimage\"},\"thumbnailUrl\":\"https:\/\/jordidenadal.com\/wp-content\/uploads\/2017\/07\/Jordidenadal.jpg\",\"datePublished\":\"2017-07-03T07:18:11+00:00\",\"dateModified\":\"2023-06-13T09:32:02+00:00\",\"description\":\"Soy asesor para coleccionistas de arte y perito tasador en arte y antig\u00fcedades. Ayudo a valorar y gestionar las colecciones de mis clientes.\",\"breadcrumb\":{\"@id\":\"https:\/\/jordidenadal.com\/es\/sobre-mi\/#breadcrumb\"},\"inLanguage\":\"es\",\"potentialAction\":[{\"@type\":\"ReadAction\",\"target\":[\"https:\/\/jordidenadal.com\/es\/sobre-mi\/\"]}]},{\"@type\":\"ImageObject\",\"inLanguage\":\"es\",\"@id\":\"https:\/\/jordidenadal.com\/es\/sobre-mi\/#primaryimage\",\"url\":\"https:\/\/jordidenadal.com\/wp-content\/uploads\/2017\/07\/Jordidenadal.jpg\",\"contentUrl\":\"https:\/\/jordidenadal.com\/wp-content\/uploads\/2017\/07\/Jordidenadal.jpg\",\"width\":956,\"height\":453},{\"@type\":\"BreadcrumbList\",\"@id\":\"https:\/\/jordidenadal.com\/es\/sobre-mi\/#breadcrumb\",\"itemListElement\":[{\"@type\":\"ListItem\",\"position\":1,\"name\":\"Home\",\"item\":\"https:\/\/jordidenadal.com\/es\/\"},{\"@type\":\"ListItem\",\"position\":2,\"name\":\"Sobre m\u00ed\"}]},{\"@type\":\"WebSite\",\"@id\":\"https:\/\/jordidenadal.com\/es\/#website\",\"url\":\"https:\/\/jordidenadal.com\/es\/\",\"name\":\"Jordi de Nadal | Fine Arts\",\"description\":\"Pintura y Escultura. Especializado en Alta \u00c9poca.\",\"publisher\":{\"@id\":\"https:\/\/jordidenadal.com\/es\/#\/schema\/person\/f96ea5a622d76dd0eed1e795f03fd97d\"},\"potentialAction\":[{\"@type\":\"SearchAction\",\"target\":{\"@type\":\"EntryPoint\",\"urlTemplate\":\"https:\/\/jordidenadal.com\/es\/?s={search_term_string}\"},\"query-input\":{\"@type\":\"PropertyValueSpecification\",\"valueRequired\":true,\"valueName\":\"search_term_string\"}}],\"inLanguage\":\"es\"},{\"@type\":[\"Person\",\"Organization\"],\"@id\":\"https:\/\/jordidenadal.com\/es\/#\/schema\/person\/f96ea5a622d76dd0eed1e795f03fd97d\",\"name\":\"jordi\",\"image\":{\"@type\":\"ImageObject\",\"inLanguage\":\"es\",\"@id\":\"https:\/\/jordidenadal.com\/es\/#\/schema\/person\/image\/\",\"url\":\"https:\/\/secure.gravatar.com\/avatar\/4a32a31a6eaf4e0ec978b72f34fa2f73?s=96&d=mm&r=g\",\"contentUrl\":\"https:\/\/secure.gravatar.com\/avatar\/4a32a31a6eaf4e0ec978b72f34fa2f73?s=96&d=mm&r=g\",\"caption\":\"jordi\"},\"logo\":{\"@id\":\"https:\/\/jordidenadal.com\/es\/#\/schema\/person\/image\/\"}}]}<\/script>\n<!-- \/ Yoast SEO plugin. -->","yoast_head_json":{"title":"Sobre m\u00ed - Jordi de Nadal | Fine Arts","description":"Soy asesor para coleccionistas de arte y perito tasador en arte y antig\u00fcedades. Ayudo a valorar y gestionar las colecciones de mis clientes.","robots":{"index":"index","follow":"follow","max-snippet":"max-snippet:-1","max-image-preview":"max-image-preview:large","max-video-preview":"max-video-preview:-1"},"canonical":"https:\/\/jordidenadal.com\/es\/sobre-mi\/","og_locale":"es_ES","og_type":"article","og_title":"Sobre m\u00ed - Jordi de Nadal | Fine Arts","og_description":"Soy asesor para coleccionistas de arte y perito tasador en arte y antig\u00fcedades. Ayudo a valorar y gestionar las colecciones de mis clientes.","og_url":"https:\/\/jordidenadal.com\/es\/sobre-mi\/","og_site_name":"Jordi de Nadal | Fine Arts","article_modified_time":"2023-06-13T09:32:02+00:00","og_image":[{"width":956,"height":453,"url":"https:\/\/jordidenadal.com\/wp-content\/uploads\/2017\/07\/Jordidenadal.jpg","type":"image\/jpeg"}],"twitter_card":"summary_large_image","twitter_misc":{"Tiempo de lectura":"1 minuto"},"schema":{"@context":"https:\/\/schema.org","@graph":[{"@type":"WebPage","@id":"https:\/\/jordidenadal.com\/es\/sobre-mi\/","url":"https:\/\/jordidenadal.com\/es\/sobre-mi\/","name":"Sobre m\u00ed - Jordi de Nadal | Fine Arts","isPartOf":{"@id":"https:\/\/jordidenadal.com\/es\/#website"},"primaryImageOfPage":{"@id":"https:\/\/jordidenadal.com\/es\/sobre-mi\/#primaryimage"},"image":{"@id":"https:\/\/jordidenadal.com\/es\/sobre-mi\/#primaryimage"},"thumbnailUrl":"https:\/\/jordidenadal.com\/wp-content\/uploads\/2017\/07\/Jordidenadal.jpg","datePublished":"2017-07-03T07:18:11+00:00","dateModified":"2023-06-13T09:32:02+00:00","description":"Soy asesor para coleccionistas de arte y perito tasador en arte y antig\u00fcedades. Ayudo a valorar y gestionar las colecciones de mis clientes.","breadcrumb":{"@id":"https:\/\/jordidenadal.com\/es\/sobre-mi\/#breadcrumb"},"inLanguage":"es","potentialAction":[{"@type":"ReadAction","target":["https:\/\/jordidenadal.com\/es\/sobre-mi\/"]}]},{"@type":"ImageObject","inLanguage":"es","@id":"https:\/\/jordidenadal.com\/es\/sobre-mi\/#primaryimage","url":"https:\/\/jordidenadal.com\/wp-content\/uploads\/2017\/07\/Jordidenadal.jpg","contentUrl":"https:\/\/jordidenadal.com\/wp-content\/uploads\/2017\/07\/Jordidenadal.jpg","width":956,"height":453},{"@type":"BreadcrumbList","@id":"https:\/\/jordidenadal.com\/es\/sobre-mi\/#breadcrumb","itemListElement":[{"@type":"ListItem","position":1,"name":"Home","item":"https:\/\/jordidenadal.com\/es\/"},{"@type":"ListItem","position":2,"name":"Sobre m\u00ed"}]},{"@type":"WebSite","@id":"https:\/\/jordidenadal.com\/es\/#website","url":"https:\/\/jordidenadal.com\/es\/","name":"Jordi de Nadal | Fine Arts","description":"Pintura y Escultura. Especializado en Alta \u00c9poca.","publisher":{"@id":"https:\/\/jordidenadal.com\/es\/#\/schema\/person\/f96ea5a622d76dd0eed1e795f03fd97d"},"potentialAction":[{"@type":"SearchAction","target":{"@type":"EntryPoint","urlTemplate":"https:\/\/jordidenadal.com\/es\/?s={search_term_string}"},"query-input":{"@type":"PropertyValueSpecification","valueRequired":true,"valueName":"search_term_string"}}],"inLanguage":"es"},{"@type":["Person","Organization"],"@id":"https:\/\/jordidenadal.com\/es\/#\/schema\/person\/f96ea5a622d76dd0eed1e795f03fd97d","name":"jordi","image":{"@type":"ImageObject","inLanguage":"es","@id":"https:\/\/jordidenadal.com\/es\/#\/schema\/person\/image\/","url":"https:\/\/secure.gravatar.com\/avatar\/4a32a31a6eaf4e0ec978b72f34fa2f73?s=96&d=mm&r=g","contentUrl":"https:\/\/secure.gravatar.com\/avatar\/4a32a31a6eaf4e0ec978b72f34fa2f73?s=96&d=mm&r=g","caption":"jordi"},"logo":{"@id":"https:\/\/jordidenadal.com\/es\/#\/schema\/person\/image\/"}}]}},"_links":{"self":[{"href":"https:\/\/jordidenadal.com\/es\/wp-json\/wp\/v2\/pages\/96"}],"collection":[{"href":"https:\/\/jordidenadal.com\/es\/wp-json\/wp\/v2\/pages"}],"about":[{"href":"https:\/\/jordidenadal.com\/es\/wp-json\/wp\/v2\/types\/page"}],"author":[{"embeddable":true,"href":"https:\/\/jordidenadal.com\/es\/wp-json\/wp\/v2\/users\/2"}],"replies":[{"embeddable":true,"href":"https:\/\/jordidenadal.com\/es\/wp-json\/wp\/v2\/comments?post=96"}],"version-history":[{"count":2,"href":"https:\/\/jordidenadal.com\/es\/wp-json\/wp\/v2\/pages\/96\/revisions"}],"predecessor-version":[{"id":3587,"href":"https:\/\/jordidenadal.com\/es\/wp-json\/wp\/v2\/pages\/96\/revisions\/3587"}],"wp:featuredmedia":[{"embeddable":true,"href":"https:\/\/jordidenadal.com\/es\/wp-json\/wp\/v2\/media\/85"}],"wp:attachment":[{"href":"https:\/\/jordidenadal.com\/es\/wp-json\/wp\/v2\/media?parent=96"}],"curies":[{"name":"wp","href":"https:\/\/api.w.org\/{rel}","templated":true}]}}