{"id":3604,"date":"2023-06-23T13:10:33","date_gmt":"2023-06-23T11:10:33","guid":{"rendered":"https:\/\/jordidenadal.com\/politica-de-cookies\/"},"modified":"2023-06-23T15:20:09","modified_gmt":"2023-06-23T13:20:09","slug":"politica-de-cookies","status":"publish","type":"page","link":"https:\/\/jordidenadal.com\/es\/politica-de-cookies\/","title":{"rendered":"Pol\u00edtica de cookies"},"content":{"rendered":"\n<p><strong>definici\u00f3n y funci\u00f3n de las cookies<\/strong><\/p>\n\n\n\n<p>Una cookie es un fichero que se descarga en su ordenador al acceder a determinadas p\u00e1ginas web. Las cookies permiten a una p\u00e1gina web, entre otras cosas, almacenar y recuperar informaci\u00f3n sobre los h\u00e1bitos de navegaci\u00f3n de un usuario o de su equipo y, dependiendo de la informaci\u00f3n que contengan y de la forma en que utilice su equipo, pueden utilizarse para reconocer al usuario.<\/p>\n\n\n\n<p>Este sitio web, al igual que la mayor\u00eda de los sitios en Internet, utiliza Cookies para mejorar y optimizar la experiencia del usuario. A continuaci\u00f3n encontrar\u00e1 informaci\u00f3n detallada sobre la tipolog\u00eda de Cookies que utiliza este sitio web, sobre c\u00f3mo puede desactivarlas en su navegador y de c\u00f3mo bloquear espec\u00edficamente la instalaci\u00f3n de Cookies de terceros.<\/p>\n\n\n\n<p><strong>tipo de cookies que utiliza la p\u00e1gina web y su finalidad<\/strong><\/p>\n\n\n\n<p>El uso de Cookies nos permite facilitar la navegaci\u00f3n del usuario y adaptar la informaci\u00f3n y los servicios que ofrecemos a sus intereses.<\/p>\n\n\n\n<p>Las cookies se usan tanto de modo permanente como temporal (cookies de sesi\u00f3n). Las cookies permanentes se almacenan en su ordenador o dispositivo m\u00f3vil durante un periodo de tiempo no superior a 24 meses.<\/p>\n\n\n\n<p>Usamos cookies propias y de terceros para recopilar datos estad\u00edsticos de forma agregada a trav\u00e9s de los datos que nos proporciona su utilizaci\u00f3n.<\/p>\n\n\n\n<p><\/p>\n\n\n\n<div class=\"wp-block-buttons is-layout-flex wp-block-buttons-is-layout-flex\">\n<div class=\"wp-block-button\"><a class=\"wp-block-button__link has-white-color has-text-color wp-element-button\">configurar cookies<\/a><\/div>\n<\/div>\n\n\n\n<p><strong>tratamiento de las cookies<\/strong><\/p>\n\n\n\n<p>La informaci\u00f3n obtenida del tratamiento de las cookies es tratada por el responsable de la Web.<\/p>\n\n\n\n<p><\/p>\n\n\n\n<p><strong>Qu\u00e9 ocurre si se deshabilitan las Cookies<\/strong><\/p>\n\n\n\n<p>En todo momento podr\u00e1 acceder a la POL\u00cdTICA DE COOKIES o a la configuraci\u00f3n de su navegador para modificar la configuraci\u00f3n de las Cookies y\/o bloquear su instalaci\u00f3n en su dispositivo, pero ello puede implicar que algunas funcionalidades queden deshabilitadas que pueda verse limitado el acceso a algunos contenidos y que la calidad del funcionamiento de los servicios puede verse afectada.<\/p>\n\n\n\n<p>En caso que utilice uno de los siguientes navegadores, tambi\u00e9n puede obtener informaci\u00f3n sobre c\u00f3mo bloquear o eliminar las cookies instaladas en su equipo, accediendo a los siguientes enlaces:<\/p>\n\n\n\n<p>Internet Explorer: &nbsp;<a href=\"https:\/\/privacy.microsoft.com\/es-es\/privacystatement\">https:\/\/privacy.microsoft.com\/es-es\/privacystatement<\/a><\/p>\n\n\n\n<p>Safari: <a href=\"https:\/\/www.apple.com\/legal\/privacy\/es\/cookies\/\">https:\/\/www.apple.com\/legal\/privacy\/es\/cookies\/<\/a><br><a href=\"https:\/\/support.apple.com\/es-es\/HT201265\">https:\/\/support.apple.com\/es-es\/HT201265<\/a><\/p>\n\n\n\n<p>Google Chrome: <a href=\"https:\/\/support.google.com\/chrome\/answer\/95647?hl=es&amp;hlrm=en\">https:\/\/support.google.com\/chrome\/answer\/95647?hl=es&amp;hlrm=en<\/a><\/p>\n\n\n\n<p>Google:&nbsp; <a href=\"https:\/\/www.google.com\/intl\/es\/policies\/privacy\/\">https:\/\/www.google.com\/intl\/es\/policies\/privacy\/<\/a><\/p>\n\n\n\n<p>Firefox: <a href=\"http:\/\/support.mozilla.org\/es\/kb\/Borrar%20cookies\">http:\/\/support.mozilla.org\/es\/kb\/Borrar%20cookies<\/a><\/p>\n\n\n\n<p>Opera: <a href=\"http:\/\/help.opera.com\/Windows\/11.50\/es-ES\/cookies.html\">http:\/\/help.opera.com\/Windows\/11.50\/es-ES\/cookies.html<\/a><\/p>\n\n\n\n<p>Android (Google):&nbsp; <a href=\"https:\/\/www.google.com\/intl\/es\/policies\/privacy\/\">https:\/\/www.google.com\/intl\/es\/policies\/privacy\/<\/a><\/p>\n\n\n\n<p>Windows Phone (Microsoft): <a href=\"https:\/\/privacy.microsoft.com\/es-es\/privacystatement\">https:\/\/privacy.microsoft.com\/es-es\/privacystatement<\/a><\/p>\n\n\n\n<p>Blackberry: <a href=\"http:\/\/global.blackberry.com\/es\/legal\/privacy-policy.html\">http:\/\/global.blackberry.com\/es\/legal\/privacy-policy.html<\/a><\/p>\n\n\n\n<p><\/p>\n\n\n\n<p>Tambi\u00e9n puedes eliminar f\u00e1cilmente las cookies de tu ordenador o dispositivo m\u00f3vil mediante el uso de su navegador. Para obtener indicaciones de c\u00f3mo gestionar y eliminar las cookies, dir\u00edjase a la pesta\u00f1a \u201cAyuda\u201d de su navegador. Podr\u00e1 desactivar las cookies o recibir una notificaci\u00f3n cada vez que se env\u00eda una nueva cookie a su ordenador o dispositivo m\u00f3vil.<\/p>\n\n\n\n<p><\/p>\n\n\n\n<p><strong>Actualizaci\u00f3n de nuestra Pol\u00edtica de Cookies<\/strong><\/p>\n\n\n\n<p>Es posible que actualicemos la Pol\u00edtica de Cookies de nuestro Sitio Web, por ello le recomendamos revisar esta pol\u00edtica cada vez que acceda a nuestro Sitio Web con el objetivo de estar adecuadamente informado sobre c\u00f3mo y para qu\u00e9 usamos las cookies. Tengan en cuenta que los navegadores pueden tambi\u00e9n cambiar sus pol\u00edticas y la ubicaci\u00f3n de la informaci\u00f3n.<\/p>\n\n\n\n<p>La Pol\u00edtica de Cookies se actualiz\u00f3 por \u00faltima vez a fecha 23 de junio de 2023.<\/p>\n","protected":false},"excerpt":{"rendered":"<p>definici\u00f3n y funci\u00f3n de las cookies Una cookie es un fichero que se descarga en su ordenador al acceder a determinadas p\u00e1ginas web. Las cookies permiten a una p\u00e1gina web, entre otras cosas, almacenar y recuperar informaci\u00f3n sobre los h\u00e1bitos de navegaci\u00f3n de un usuario o de su equipo y, dependiendo de la informaci\u00f3n que [&hellip;]<\/p>\n","protected":false},"author":1,"featured_media":0,"parent":0,"menu_order":0,"comment_status":"closed","ping_status":"closed","template":"","meta":{"_acf_changed":false,"footnotes":""},"acf":[],"yoast_head":"<!-- This site is optimized with the Yoast SEO plugin v24.5 - https:\/\/yoast.com\/wordpress\/plugins\/seo\/ -->\n<title>Pol\u00edtica de cookies - Jordi de Nadal | Fine Arts<\/title>\n<meta name=\"robots\" content=\"noindex, nofollow\" \/>\n<meta property=\"og:locale\" content=\"es_ES\" \/>\n<meta property=\"og:type\" content=\"article\" \/>\n<meta property=\"og:title\" content=\"Pol\u00edtica de cookies - Jordi de Nadal | Fine Arts\" \/>\n<meta property=\"og:description\" content=\"definici\u00f3n y funci\u00f3n de las cookies Una cookie es un fichero que se descarga en su ordenador al acceder a determinadas p\u00e1ginas web. Las cookies permiten a una p\u00e1gina web, entre otras cosas, almacenar y recuperar informaci\u00f3n sobre los h\u00e1bitos de navegaci\u00f3n de un usuario o de su equipo y, dependiendo de la informaci\u00f3n que [&hellip;]\" \/>\n<meta property=\"og:url\" content=\"https:\/\/jordidenadal.com\/es\/politica-de-cookies\/\" \/>\n<meta property=\"og:site_name\" content=\"Jordi de Nadal | Fine Arts\" \/>\n<meta property=\"article:modified_time\" content=\"2023-06-23T13:20:09+00:00\" \/>\n<meta name=\"twitter:card\" content=\"summary_large_image\" \/>\n<meta name=\"twitter:label1\" content=\"Tiempo de lectura\" \/>\n\t<meta name=\"twitter:data1\" content=\"3 minutos\" \/>\n<script type=\"application\/ld+json\" class=\"yoast-schema-graph\">{\"@context\":\"https:\/\/schema.org\",\"@graph\":[{\"@type\":\"WebPage\",\"@id\":\"https:\/\/jordidenadal.com\/es\/politica-de-cookies\/\",\"url\":\"https:\/\/jordidenadal.com\/es\/politica-de-cookies\/\",\"name\":\"Pol\u00edtica de cookies - Jordi de Nadal | Fine Arts\",\"isPartOf\":{\"@id\":\"https:\/\/jordidenadal.com\/es\/#website\"},\"datePublished\":\"2023-06-23T11:10:33+00:00\",\"dateModified\":\"2023-06-23T13:20:09+00:00\",\"breadcrumb\":{\"@id\":\"https:\/\/jordidenadal.com\/es\/politica-de-cookies\/#breadcrumb\"},\"inLanguage\":\"es\",\"potentialAction\":[{\"@type\":\"ReadAction\",\"target\":[\"https:\/\/jordidenadal.com\/es\/politica-de-cookies\/\"]}]},{\"@type\":\"BreadcrumbList\",\"@id\":\"https:\/\/jordidenadal.com\/es\/politica-de-cookies\/#breadcrumb\",\"itemListElement\":[{\"@type\":\"ListItem\",\"position\":1,\"name\":\"Home\",\"item\":\"https:\/\/jordidenadal.com\/es\/\"},{\"@type\":\"ListItem\",\"position\":2,\"name\":\"Pol\u00edtica de cookies\"}]},{\"@type\":\"WebSite\",\"@id\":\"https:\/\/jordidenadal.com\/es\/#website\",\"url\":\"https:\/\/jordidenadal.com\/es\/\",\"name\":\"Jordi de Nadal | Fine Arts\",\"description\":\"Pintura y Escultura. Especializado en Alta \u00c9poca.\",\"publisher\":{\"@id\":\"https:\/\/jordidenadal.com\/es\/#\/schema\/person\/f96ea5a622d76dd0eed1e795f03fd97d\"},\"potentialAction\":[{\"@type\":\"SearchAction\",\"target\":{\"@type\":\"EntryPoint\",\"urlTemplate\":\"https:\/\/jordidenadal.com\/es\/?s={search_term_string}\"},\"query-input\":{\"@type\":\"PropertyValueSpecification\",\"valueRequired\":true,\"valueName\":\"search_term_string\"}}],\"inLanguage\":\"es\"},{\"@type\":[\"Person\",\"Organization\"],\"@id\":\"https:\/\/jordidenadal.com\/es\/#\/schema\/person\/f96ea5a622d76dd0eed1e795f03fd97d\",\"name\":\"jordi\",\"image\":{\"@type\":\"ImageObject\",\"inLanguage\":\"es\",\"@id\":\"https:\/\/jordidenadal.com\/es\/#\/schema\/person\/image\/\",\"url\":\"https:\/\/secure.gravatar.com\/avatar\/4a32a31a6eaf4e0ec978b72f34fa2f73?s=96&d=mm&r=g\",\"contentUrl\":\"https:\/\/secure.gravatar.com\/avatar\/4a32a31a6eaf4e0ec978b72f34fa2f73?s=96&d=mm&r=g\",\"caption\":\"jordi\"},\"logo\":{\"@id\":\"https:\/\/jordidenadal.com\/es\/#\/schema\/person\/image\/\"}}]}<\/script>\n<!-- \/ Yoast SEO plugin. -->","yoast_head_json":{"title":"Pol\u00edtica de cookies - Jordi de Nadal | Fine Arts","robots":{"index":"noindex","follow":"nofollow"},"og_locale":"es_ES","og_type":"article","og_title":"Pol\u00edtica de cookies - Jordi de Nadal | Fine Arts","og_description":"definici\u00f3n y funci\u00f3n de las cookies Una cookie es un fichero que se descarga en su ordenador al acceder a determinadas p\u00e1ginas web. Las cookies permiten a una p\u00e1gina web, entre otras cosas, almacenar y recuperar informaci\u00f3n sobre los h\u00e1bitos de navegaci\u00f3n de un usuario o de su equipo y, dependiendo de la informaci\u00f3n que [&hellip;]","og_url":"https:\/\/jordidenadal.com\/es\/politica-de-cookies\/","og_site_name":"Jordi de Nadal | Fine Arts","article_modified_time":"2023-06-23T13:20:09+00:00","twitter_card":"summary_large_image","twitter_misc":{"Tiempo de lectura":"3 minutos"},"schema":{"@context":"https:\/\/schema.org","@graph":[{"@type":"WebPage","@id":"https:\/\/jordidenadal.com\/es\/politica-de-cookies\/","url":"https:\/\/jordidenadal.com\/es\/politica-de-cookies\/","name":"Pol\u00edtica de cookies - Jordi de Nadal | Fine Arts","isPartOf":{"@id":"https:\/\/jordidenadal.com\/es\/#website"},"datePublished":"2023-06-23T11:10:33+00:00","dateModified":"2023-06-23T13:20:09+00:00","breadcrumb":{"@id":"https:\/\/jordidenadal.com\/es\/politica-de-cookies\/#breadcrumb"},"inLanguage":"es","potentialAction":[{"@type":"ReadAction","target":["https:\/\/jordidenadal.com\/es\/politica-de-cookies\/"]}]},{"@type":"BreadcrumbList","@id":"https:\/\/jordidenadal.com\/es\/politica-de-cookies\/#breadcrumb","itemListElement":[{"@type":"ListItem","position":1,"name":"Home","item":"https:\/\/jordidenadal.com\/es\/"},{"@type":"ListItem","position":2,"name":"Pol\u00edtica de cookies"}]},{"@type":"WebSite","@id":"https:\/\/jordidenadal.com\/es\/#website","url":"https:\/\/jordidenadal.com\/es\/","name":"Jordi de Nadal | Fine Arts","description":"Pintura y Escultura. Especializado en Alta \u00c9poca.","publisher":{"@id":"https:\/\/jordidenadal.com\/es\/#\/schema\/person\/f96ea5a622d76dd0eed1e795f03fd97d"},"potentialAction":[{"@type":"SearchAction","target":{"@type":"EntryPoint","urlTemplate":"https:\/\/jordidenadal.com\/es\/?s={search_term_string}"},"query-input":{"@type":"PropertyValueSpecification","valueRequired":true,"valueName":"search_term_string"}}],"inLanguage":"es"},{"@type":["Person","Organization"],"@id":"https:\/\/jordidenadal.com\/es\/#\/schema\/person\/f96ea5a622d76dd0eed1e795f03fd97d","name":"jordi","image":{"@type":"ImageObject","inLanguage":"es","@id":"https:\/\/jordidenadal.com\/es\/#\/schema\/person\/image\/","url":"https:\/\/secure.gravatar.com\/avatar\/4a32a31a6eaf4e0ec978b72f34fa2f73?s=96&d=mm&r=g","contentUrl":"https:\/\/secure.gravatar.com\/avatar\/4a32a31a6eaf4e0ec978b72f34fa2f73?s=96&d=mm&r=g","caption":"jordi"},"logo":{"@id":"https:\/\/jordidenadal.com\/es\/#\/schema\/person\/image\/"}}]}},"_links":{"self":[{"href":"https:\/\/jordidenadal.com\/es\/wp-json\/wp\/v2\/pages\/3604"}],"collection":[{"href":"https:\/\/jordidenadal.com\/es\/wp-json\/wp\/v2\/pages"}],"about":[{"href":"https:\/\/jordidenadal.com\/es\/wp-json\/wp\/v2\/types\/page"}],"author":[{"embeddable":true,"href":"https:\/\/jordidenadal.com\/es\/wp-json\/wp\/v2\/users\/1"}],"replies":[{"embeddable":true,"href":"https:\/\/jordidenadal.com\/es\/wp-json\/wp\/v2\/comments?post=3604"}],"version-history":[{"count":2,"href":"https:\/\/jordidenadal.com\/es\/wp-json\/wp\/v2\/pages\/3604\/revisions"}],"predecessor-version":[{"id":3613,"href":"https:\/\/jordidenadal.com\/es\/wp-json\/wp\/v2\/pages\/3604\/revisions\/3613"}],"wp:attachment":[{"href":"https:\/\/jordidenadal.com\/es\/wp-json\/wp\/v2\/media?parent=3604"}],"curies":[{"name":"wp","href":"https:\/\/api.w.org\/{rel}","templated":true}]}}