{"id":182,"date":"2017-07-03T11:34:14","date_gmt":"2017-07-03T09:34:14","guid":{"rendered":"https:\/\/jordidenadal.com\/works-of-art\/"},"modified":"2023-07-10T13:38:08","modified_gmt":"2023-07-10T11:38:08","slug":"obras-arte","status":"publish","type":"page","link":"https:\/\/jordidenadal.com\/es\/obras-arte\/","title":{"rendered":"Obras de arte"},"content":{"rendered":"","protected":false},"excerpt":{"rendered":"","protected":false},"author":2,"featured_media":0,"parent":0,"menu_order":0,"comment_status":"closed","ping_status":"closed","template":"works-page.php","meta":{"_acf_changed":false,"footnotes":""},"acf":[],"yoast_head":"<!-- This site is optimized with the Yoast SEO plugin v24.5 - https:\/\/yoast.com\/wordpress\/plugins\/seo\/ -->\n<title>Obras de arte - Jordi de Nadal | Fine Arts<\/title>\n<meta name=\"description\" content=\"Recopilaci\u00f3n de diferentes obras de arte analizadas. Fotograf\u00eda principal, t\u00edtulo, bibliograf\u00eda y explicaci\u00f3n de venta.\" \/>\n<meta name=\"robots\" content=\"index, follow, max-snippet:-1, max-image-preview:large, max-video-preview:-1\" \/>\n<link rel=\"canonical\" href=\"https:\/\/jordidenadal.com\/es\/obras-arte\/\" \/>\n<meta property=\"og:locale\" content=\"es_ES\" \/>\n<meta property=\"og:type\" content=\"article\" \/>\n<meta property=\"og:title\" content=\"Obras de arte - Jordi de Nadal | Fine Arts\" \/>\n<meta property=\"og:description\" content=\"Recopilaci\u00f3n de diferentes obras de arte analizadas. Fotograf\u00eda principal, t\u00edtulo, bibliograf\u00eda y explicaci\u00f3n de venta.\" \/>\n<meta property=\"og:url\" content=\"https:\/\/jordidenadal.com\/es\/obras-arte\/\" \/>\n<meta property=\"og:site_name\" content=\"Jordi de Nadal | Fine Arts\" \/>\n<meta property=\"article:modified_time\" content=\"2023-07-10T11:38:08+00:00\" \/>\n<meta name=\"twitter:card\" content=\"summary_large_image\" \/>\n<script type=\"application\/ld+json\" class=\"yoast-schema-graph\">{\"@context\":\"https:\/\/schema.org\",\"@graph\":[{\"@type\":\"WebPage\",\"@id\":\"https:\/\/jordidenadal.com\/es\/obras-arte\/\",\"url\":\"https:\/\/jordidenadal.com\/es\/obras-arte\/\",\"name\":\"Obras de arte - Jordi de Nadal | Fine Arts\",\"isPartOf\":{\"@id\":\"https:\/\/jordidenadal.com\/es\/#website\"},\"datePublished\":\"2017-07-03T09:34:14+00:00\",\"dateModified\":\"2023-07-10T11:38:08+00:00\",\"description\":\"Recopilaci\u00f3n de diferentes obras de arte analizadas. Fotograf\u00eda principal, t\u00edtulo, bibliograf\u00eda y explicaci\u00f3n de venta.\",\"breadcrumb\":{\"@id\":\"https:\/\/jordidenadal.com\/es\/obras-arte\/#breadcrumb\"},\"inLanguage\":\"es\",\"potentialAction\":[{\"@type\":\"ReadAction\",\"target\":[\"https:\/\/jordidenadal.com\/es\/obras-arte\/\"]}]},{\"@type\":\"BreadcrumbList\",\"@id\":\"https:\/\/jordidenadal.com\/es\/obras-arte\/#breadcrumb\",\"itemListElement\":[{\"@type\":\"ListItem\",\"position\":1,\"name\":\"Home\",\"item\":\"https:\/\/jordidenadal.com\/es\/\"},{\"@type\":\"ListItem\",\"position\":2,\"name\":\"Obras de arte\"}]},{\"@type\":\"WebSite\",\"@id\":\"https:\/\/jordidenadal.com\/es\/#website\",\"url\":\"https:\/\/jordidenadal.com\/es\/\",\"name\":\"Jordi de Nadal | Fine Arts\",\"description\":\"Pintura y Escultura. Especializado en Alta \u00c9poca.\",\"publisher\":{\"@id\":\"https:\/\/jordidenadal.com\/es\/#\/schema\/person\/f96ea5a622d76dd0eed1e795f03fd97d\"},\"potentialAction\":[{\"@type\":\"SearchAction\",\"target\":{\"@type\":\"EntryPoint\",\"urlTemplate\":\"https:\/\/jordidenadal.com\/es\/?s={search_term_string}\"},\"query-input\":{\"@type\":\"PropertyValueSpecification\",\"valueRequired\":true,\"valueName\":\"search_term_string\"}}],\"inLanguage\":\"es\"},{\"@type\":[\"Person\",\"Organization\"],\"@id\":\"https:\/\/jordidenadal.com\/es\/#\/schema\/person\/f96ea5a622d76dd0eed1e795f03fd97d\",\"name\":\"jordi\",\"image\":{\"@type\":\"ImageObject\",\"inLanguage\":\"es\",\"@id\":\"https:\/\/jordidenadal.com\/es\/#\/schema\/person\/image\/\",\"url\":\"https:\/\/secure.gravatar.com\/avatar\/4a32a31a6eaf4e0ec978b72f34fa2f73?s=96&d=mm&r=g\",\"contentUrl\":\"https:\/\/secure.gravatar.com\/avatar\/4a32a31a6eaf4e0ec978b72f34fa2f73?s=96&d=mm&r=g\",\"caption\":\"jordi\"},\"logo\":{\"@id\":\"https:\/\/jordidenadal.com\/es\/#\/schema\/person\/image\/\"}}]}<\/script>\n<!-- \/ Yoast SEO plugin. -->","yoast_head_json":{"title":"Obras de arte - Jordi de Nadal | Fine Arts","description":"Recopilaci\u00f3n de diferentes obras de arte analizadas. Fotograf\u00eda principal, t\u00edtulo, bibliograf\u00eda y explicaci\u00f3n de venta.","robots":{"index":"index","follow":"follow","max-snippet":"max-snippet:-1","max-image-preview":"max-image-preview:large","max-video-preview":"max-video-preview:-1"},"canonical":"https:\/\/jordidenadal.com\/es\/obras-arte\/","og_locale":"es_ES","og_type":"article","og_title":"Obras de arte - Jordi de Nadal | Fine Arts","og_description":"Recopilaci\u00f3n de diferentes obras de arte analizadas. Fotograf\u00eda principal, t\u00edtulo, bibliograf\u00eda y explicaci\u00f3n de venta.","og_url":"https:\/\/jordidenadal.com\/es\/obras-arte\/","og_site_name":"Jordi de Nadal | Fine Arts","article_modified_time":"2023-07-10T11:38:08+00:00","twitter_card":"summary_large_image","schema":{"@context":"https:\/\/schema.org","@graph":[{"@type":"WebPage","@id":"https:\/\/jordidenadal.com\/es\/obras-arte\/","url":"https:\/\/jordidenadal.com\/es\/obras-arte\/","name":"Obras de arte - Jordi de Nadal | Fine Arts","isPartOf":{"@id":"https:\/\/jordidenadal.com\/es\/#website"},"datePublished":"2017-07-03T09:34:14+00:00","dateModified":"2023-07-10T11:38:08+00:00","description":"Recopilaci\u00f3n de diferentes obras de arte analizadas. Fotograf\u00eda principal, t\u00edtulo, bibliograf\u00eda y explicaci\u00f3n de venta.","breadcrumb":{"@id":"https:\/\/jordidenadal.com\/es\/obras-arte\/#breadcrumb"},"inLanguage":"es","potentialAction":[{"@type":"ReadAction","target":["https:\/\/jordidenadal.com\/es\/obras-arte\/"]}]},{"@type":"BreadcrumbList","@id":"https:\/\/jordidenadal.com\/es\/obras-arte\/#breadcrumb","itemListElement":[{"@type":"ListItem","position":1,"name":"Home","item":"https:\/\/jordidenadal.com\/es\/"},{"@type":"ListItem","position":2,"name":"Obras de arte"}]},{"@type":"WebSite","@id":"https:\/\/jordidenadal.com\/es\/#website","url":"https:\/\/jordidenadal.com\/es\/","name":"Jordi de Nadal | Fine Arts","description":"Pintura y Escultura. Especializado en Alta \u00c9poca.","publisher":{"@id":"https:\/\/jordidenadal.com\/es\/#\/schema\/person\/f96ea5a622d76dd0eed1e795f03fd97d"},"potentialAction":[{"@type":"SearchAction","target":{"@type":"EntryPoint","urlTemplate":"https:\/\/jordidenadal.com\/es\/?s={search_term_string}"},"query-input":{"@type":"PropertyValueSpecification","valueRequired":true,"valueName":"search_term_string"}}],"inLanguage":"es"},{"@type":["Person","Organization"],"@id":"https:\/\/jordidenadal.com\/es\/#\/schema\/person\/f96ea5a622d76dd0eed1e795f03fd97d","name":"jordi","image":{"@type":"ImageObject","inLanguage":"es","@id":"https:\/\/jordidenadal.com\/es\/#\/schema\/person\/image\/","url":"https:\/\/secure.gravatar.com\/avatar\/4a32a31a6eaf4e0ec978b72f34fa2f73?s=96&d=mm&r=g","contentUrl":"https:\/\/secure.gravatar.com\/avatar\/4a32a31a6eaf4e0ec978b72f34fa2f73?s=96&d=mm&r=g","caption":"jordi"},"logo":{"@id":"https:\/\/jordidenadal.com\/es\/#\/schema\/person\/image\/"}}]}},"_links":{"self":[{"href":"https:\/\/jordidenadal.com\/es\/wp-json\/wp\/v2\/pages\/182"}],"collection":[{"href":"https:\/\/jordidenadal.com\/es\/wp-json\/wp\/v2\/pages"}],"about":[{"href":"https:\/\/jordidenadal.com\/es\/wp-json\/wp\/v2\/types\/page"}],"author":[{"embeddable":true,"href":"https:\/\/jordidenadal.com\/es\/wp-json\/wp\/v2\/users\/2"}],"replies":[{"embeddable":true,"href":"https:\/\/jordidenadal.com\/es\/wp-json\/wp\/v2\/comments?post=182"}],"version-history":[{"count":6,"href":"https:\/\/jordidenadal.com\/es\/wp-json\/wp\/v2\/pages\/182\/revisions"}],"predecessor-version":[{"id":3617,"href":"https:\/\/jordidenadal.com\/es\/wp-json\/wp\/v2\/pages\/182\/revisions\/3617"}],"wp:attachment":[{"href":"https:\/\/jordidenadal.com\/es\/wp-json\/wp\/v2\/media?parent=182"}],"curies":[{"name":"wp","href":"https:\/\/api.w.org\/{rel}","templated":true}]}}